{"id":1587,"date":"2025-10-15T22:56:01","date_gmt":"2025-10-16T04:56:01","guid":{"rendered":"https:\/\/juliasanchezcosmetics.com\/V2\/?post_type=product&#038;p=1587"},"modified":"2025-10-15T23:03:07","modified_gmt":"2025-10-16T05:03:07","slug":"kit-academia-inicio","status":"publish","type":"product","link":"https:\/\/juliasanchezcosmetics.com\/V2\/producto\/kit-academia-inicio\/","title":{"rendered":"Kit Academia Inicio"},"content":{"rendered":"<p data-start=\"85\" data-end=\"139\">&#x1f3a8; KIT ACADEMIA INICIO \u2013 Julia Sanchez Cosmetics<\/p>\n<p data-start=\"141\" data-end=\"424\">Este kit est\u00e1 dise\u00f1ado especialmente para academias de maquillaje que buscan iniciar su formaci\u00f3n con productos de calidad, ideales para realizar pr\u00e1cticas y desarrollar habilidades de manera profesional. Contiene todo lo necesario para empezar a trabajar en el mundo del maquillaje.<\/p>\n<p data-start=\"426\" data-end=\"517\">&#x1f4bc; Pensado para academias especializadas en el giro<br data-start=\"481\" data-end=\"484\" \/>&#x1f4b0; Precio especial: $1,430.04<\/p>\n<p data-start=\"519\" data-end=\"538\">&#x2705; \u00bfQu\u00e9 incluye?<\/p>\n<ul data-start=\"540\" data-end=\"908\">\n<li data-start=\"540\" data-end=\"555\">\n<p data-start=\"542\" data-end=\"555\">2 Destellos<\/p>\n<\/li>\n<li data-start=\"556\" data-end=\"580\">\n<p data-start=\"558\" data-end=\"580\">1 Set con 6 labiales<\/p>\n<\/li>\n<li data-start=\"581\" data-end=\"599\">\n<p data-start=\"583\" data-end=\"599\">2 Gloss brillo<\/p>\n<\/li>\n<li data-start=\"600\" data-end=\"617\">\n<p data-start=\"602\" data-end=\"617\">2 Labial Mate<\/p>\n<\/li>\n<li data-start=\"618\" data-end=\"642\">\n<p data-start=\"620\" data-end=\"642\">1 Maquillaje l\u00edquido<\/p>\n<\/li>\n<li data-start=\"643\" data-end=\"668\">\n<p data-start=\"645\" data-end=\"668\">1 Maquillaje en crema<\/p>\n<\/li>\n<li data-start=\"669\" data-end=\"695\">\n<p data-start=\"671\" data-end=\"695\">2 M\u00e1scaras de pesta\u00f1as<\/p>\n<\/li>\n<li data-start=\"696\" data-end=\"718\">\n<p data-start=\"698\" data-end=\"718\">1 Polvo trasl\u00facido<\/p>\n<\/li>\n<li data-start=\"719\" data-end=\"736\">\n<p data-start=\"721\" data-end=\"736\">3 Correctores<\/p>\n<\/li>\n<li data-start=\"737\" data-end=\"766\">\n<p data-start=\"739\" data-end=\"766\">3 Gamas 2 sombras 1 rubor<\/p>\n<\/li>\n<li data-start=\"767\" data-end=\"794\">\n<p data-start=\"769\" data-end=\"794\">2 Delineadores l\u00edquidos<\/p>\n<\/li>\n<li data-start=\"795\" data-end=\"822\">\n<p data-start=\"797\" data-end=\"822\">1 Fijador de maquillaje<\/p>\n<\/li>\n<li data-start=\"823\" data-end=\"846\">\n<p data-start=\"825\" data-end=\"846\">1 Balanceador de pH<\/p>\n<\/li>\n<li data-start=\"847\" data-end=\"868\">\n<p data-start=\"849\" data-end=\"868\">1 Limpia pinceles<\/p>\n<\/li>\n<li data-start=\"869\" data-end=\"889\">\n<p data-start=\"871\" data-end=\"889\">1 Desmaquillante<\/p>\n<\/li>\n<li data-start=\"890\" data-end=\"908\">\n<p data-start=\"892\" data-end=\"908\">1 Cosmetiquera<\/p>\n<\/li>\n<\/ul>\n<p data-start=\"910\" data-end=\"1129\">&#x1f7e3; Ideal para academias, cursos y estudiantes que inician su formaci\u00f3n profesional en maquillaje. Este kit cubre las necesidades esenciales para el desarrollo de t\u00e9cnicas de maquillaje de forma completa y accesible.<\/p>\n","protected":false},"excerpt":{"rendered":"<blockquote><p>&nbsp;<\/p><\/blockquote>\n","protected":false},"featured_media":1590,"comment_status":"open","ping_status":"closed","template":"","meta":[],"product_brand":[],"product_cat":[53],"product_tag":[],"class_list":{"0":"post-1587","1":"product","2":"type-product","3":"status-publish","4":"has-post-thumbnail","6":"product_cat-kits","8":"first","9":"instock","10":"purchasable","11":"product-type-simple"},"jetpack_sharing_enabled":true,"_links":{"self":[{"href":"https:\/\/juliasanchezcosmetics.com\/V2\/wp-json\/wp\/v2\/product\/1587","targetHints":{"allow":["GET"]}}],"collection":[{"href":"https:\/\/juliasanchezcosmetics.com\/V2\/wp-json\/wp\/v2\/product"}],"about":[{"href":"https:\/\/juliasanchezcosmetics.com\/V2\/wp-json\/wp\/v2\/types\/product"}],"replies":[{"embeddable":true,"href":"https:\/\/juliasanchezcosmetics.com\/V2\/wp-json\/wp\/v2\/comments?post=1587"}],"wp:featuredmedia":[{"embeddable":true,"href":"https:\/\/juliasanchezcosmetics.com\/V2\/wp-json\/wp\/v2\/media\/1590"}],"wp:attachment":[{"href":"https:\/\/juliasanchezcosmetics.com\/V2\/wp-json\/wp\/v2\/media?parent=1587"}],"wp:term":[{"taxonomy":"product_brand","embeddable":true,"href":"https:\/\/juliasanchezcosmetics.com\/V2\/wp-json\/wp\/v2\/product_brand?post=1587"},{"taxonomy":"product_cat","embeddable":true,"href":"https:\/\/juliasanchezcosmetics.com\/V2\/wp-json\/wp\/v2\/product_cat?post=1587"},{"taxonomy":"product_tag","embeddable":true,"href":"https:\/\/juliasanchezcosmetics.com\/V2\/wp-json\/wp\/v2\/product_tag?post=1587"}],"curies":[{"name":"wp","href":"https:\/\/api.w.org\/{rel}","templated":true}]}}