{"id":1586,"date":"2025-10-15T22:55:58","date_gmt":"2025-10-16T04:55:58","guid":{"rendered":"https:\/\/juliasanchezcosmetics.com\/V2\/?post_type=product&#038;p=1586"},"modified":"2025-10-15T23:00:51","modified_gmt":"2025-10-16T05:00:51","slug":"kit-academia-intermedio","status":"publish","type":"product","link":"https:\/\/juliasanchezcosmetics.com\/V2\/producto\/kit-academia-intermedio\/","title":{"rendered":"Kit Academia Intermedio"},"content":{"rendered":"<h3 data-start=\"180\" data-end=\"236\">&#x1f3a8; KIT ACADEMIA INTERMEDIO \u2013 Julia Sanchez Cosmetics<\/h3>\n<p data-start=\"238\" data-end=\"484\">Este kit fue creado para academias de maquillaje que buscan una opci\u00f3n m\u00e1s accesible sin perder calidad ni versatilidad. Contiene una excelente selecci\u00f3n de productos para pr\u00e1cticas profesionales, armado de looks completos y aprendizaje pr\u00e1ctico.<\/p>\n<p data-start=\"486\" data-end=\"577\">&#x1f4bc; Pensado para academias especializadas en el giro<br data-start=\"541\" data-end=\"544\" \/>&#x1f4b0; Precio especial: $2,517.88<\/p>\n<hr data-start=\"579\" data-end=\"582\" \/>\n<h4 data-start=\"584\" data-end=\"604\">&#x2705; \u00bfQu\u00e9 incluye?<\/h4>\n<ul data-start=\"606\" data-end=\"1074\">\n<li data-start=\"606\" data-end=\"630\">\n<p data-start=\"608\" data-end=\"630\">3 Gamas de rubores<\/p>\n<\/li>\n<li data-start=\"631\" data-end=\"655\">\n<p data-start=\"633\" data-end=\"655\">2 Gamas de glitter<\/p>\n<\/li>\n<li data-start=\"656\" data-end=\"677\">\n<p data-start=\"658\" data-end=\"677\">1 Gama met\u00e1lica<\/p>\n<\/li>\n<li data-start=\"678\" data-end=\"702\">\n<p data-start=\"680\" data-end=\"702\">7 Gamas de sombras<\/p>\n<\/li>\n<li data-start=\"703\" data-end=\"720\">\n<p data-start=\"705\" data-end=\"720\">3 Destellos<\/p>\n<\/li>\n<li data-start=\"721\" data-end=\"747\">\n<p data-start=\"723\" data-end=\"747\">1 Set con 6 labiales<\/p>\n<\/li>\n<li data-start=\"748\" data-end=\"772\">\n<p data-start=\"750\" data-end=\"772\">3 Gloss brillantes<\/p>\n<\/li>\n<li data-start=\"773\" data-end=\"801\">\n<p data-start=\"775\" data-end=\"801\">3 Maquillajes l\u00edquidos<\/p>\n<\/li>\n<li data-start=\"802\" data-end=\"830\">\n<p data-start=\"804\" data-end=\"830\">2 M\u00e1scaras de pesta\u00f1as<\/p>\n<\/li>\n<li data-start=\"831\" data-end=\"857\">\n<p data-start=\"833\" data-end=\"857\">3 Polvos trasl\u00facidos<\/p>\n<\/li>\n<li data-start=\"858\" data-end=\"877\">\n<p data-start=\"860\" data-end=\"877\">9 Correctores<\/p>\n<\/li>\n<li data-start=\"878\" data-end=\"907\">\n<p data-start=\"880\" data-end=\"907\">2 Delineadores l\u00edquidos<\/p>\n<\/li>\n<li data-start=\"908\" data-end=\"937\">\n<p data-start=\"910\" data-end=\"937\">1 Fijador de maquillaje<\/p>\n<\/li>\n<li data-start=\"938\" data-end=\"963\">\n<p data-start=\"940\" data-end=\"963\">1 Balanceador de pH<\/p>\n<\/li>\n<li data-start=\"964\" data-end=\"987\">\n<p data-start=\"966\" data-end=\"987\">1 Limpia pinceles<\/p>\n<\/li>\n<li data-start=\"988\" data-end=\"1010\">\n<p data-start=\"990\" data-end=\"1010\">1 Desmaquillante<\/p>\n<\/li>\n<li data-start=\"1011\" data-end=\"1031\">\n<p data-start=\"1013\" data-end=\"1031\">1 Agua micelar<\/p>\n<\/li>\n<li data-start=\"1032\" data-end=\"1053\">\n<p data-start=\"1034\" data-end=\"1053\">1 Agua de rosas<\/p>\n<\/li>\n<li data-start=\"1054\" data-end=\"1074\">\n<p data-start=\"1056\" data-end=\"1074\">1 Cosmetiquera<\/p>\n<\/li>\n<\/ul>\n<hr data-start=\"1076\" data-end=\"1079\" \/>\n<p data-start=\"1081\" data-end=\"1223\">&#x1f7e3; Ideal para cursos, estudiantes de maquillaje y profesionales que buscan un kit funcional con productos clave para trabajar en el d\u00eda a d\u00eda.<\/p>\n","protected":false},"excerpt":{"rendered":"<blockquote><p>&nbsp;<\/p><\/blockquote>\n","protected":false},"featured_media":1589,"comment_status":"open","ping_status":"closed","template":"","meta":[],"product_brand":[],"product_cat":[53],"product_tag":[],"class_list":{"0":"post-1586","1":"product","2":"type-product","3":"status-publish","4":"has-post-thumbnail","6":"product_cat-kits","8":"first","9":"instock","10":"purchasable","11":"product-type-simple"},"jetpack_sharing_enabled":true,"_links":{"self":[{"href":"https:\/\/juliasanchezcosmetics.com\/V2\/wp-json\/wp\/v2\/product\/1586","targetHints":{"allow":["GET"]}}],"collection":[{"href":"https:\/\/juliasanchezcosmetics.com\/V2\/wp-json\/wp\/v2\/product"}],"about":[{"href":"https:\/\/juliasanchezcosmetics.com\/V2\/wp-json\/wp\/v2\/types\/product"}],"replies":[{"embeddable":true,"href":"https:\/\/juliasanchezcosmetics.com\/V2\/wp-json\/wp\/v2\/comments?post=1586"}],"wp:featuredmedia":[{"embeddable":true,"href":"https:\/\/juliasanchezcosmetics.com\/V2\/wp-json\/wp\/v2\/media\/1589"}],"wp:attachment":[{"href":"https:\/\/juliasanchezcosmetics.com\/V2\/wp-json\/wp\/v2\/media?parent=1586"}],"wp:term":[{"taxonomy":"product_brand","embeddable":true,"href":"https:\/\/juliasanchezcosmetics.com\/V2\/wp-json\/wp\/v2\/product_brand?post=1586"},{"taxonomy":"product_cat","embeddable":true,"href":"https:\/\/juliasanchezcosmetics.com\/V2\/wp-json\/wp\/v2\/product_cat?post=1586"},{"taxonomy":"product_tag","embeddable":true,"href":"https:\/\/juliasanchezcosmetics.com\/V2\/wp-json\/wp\/v2\/product_tag?post=1586"}],"curies":[{"name":"wp","href":"https:\/\/api.w.org\/{rel}","templated":true}]}}